{"id":2097,"date":"2025-03-03T16:14:53","date_gmt":"2025-03-03T16:14:53","guid":{"rendered":"https:\/\/milimaligdansk.pl\/?page_id=2097"},"modified":"2025-03-03T16:20:04","modified_gmt":"2025-03-03T16:20:04","slug":"regulamin-bawialni","status":"publish","type":"page","link":"https:\/\/milimaligdansk.pl\/de\/regulamin-bawialni\/","title":{"rendered":"Vorschriften f\u00fcr das MILIMALI-Spielzimmer"},"content":{"rendered":"<p><br><strong>\u00a7 1 EINLEITUNG<\/strong><br>1.1 Das Milimali Bawialnia in der Letnicka-Stra\u00dfe 2, Geb\u00e4ude 6, 80-536 Gda\u0144sk (im Folgenden: \"Milimali\") ist ein Spielplatz f\u00fcr Kinder und Erwachsene, der Folgendes umfasst:<br>a. Kleinkind-Zone.<br>b. Spa\u00dfzone.<br>c. Catering-Bereich.<br>d. \u00d6ffentliche Bereiche, einschlie\u00dflich der Rezeption.<br>1.2 Verantwortliche und Betreiberin von Milimali ist die Gesellschaft mit dem Namen Funlandia sp\u00f3\u0142ka z ograniczon\u0105 odpowiedzialno\u015bci\u0105 mit Sitz in Jarno\u0142t\u00f3wek 19A, 48-267 Jarno\u0142t\u00f3wek, eingetragen im Unternehmerregister des Landesgerichtsregisters, das vom Bezirksgericht in Opole, VIII. Wirtschaftsabteilung des Landesgerichtsregisters, gef\u00fchrt wird, unter der KRS-Nummer: 0001061045, REGON: 388949500, NIP: 7532460680 (im Folgenden \"Gesellschaft\" genannt).<\/p>\n\n\n\n<p><br><strong>\u00a7 2 ALLGEMEINE BESTIMMUNGEN<\/strong><br>2.1 Die Regeln und Vorschriften regeln die Regeln, die f\u00fcr alle auf dem Milimala-Gel\u00e4nde anwesenden Personen (im Folgenden als<br>\"Kunden\"), die sowohl Personen umfassen, die einen Vertrag \u00fcber die Erbringung von Dienstleistungen bei Milimali mit dem Unternehmen abschlie\u00dfen, als auch Personen, die sich auf Einladung dieser Personen (z.B. G\u00e4ste einer besonderen Veranstaltung) oder unter deren Obhut (im Falle von Minderj\u00e4hrigen) auf dem Gel\u00e4nde von Milimali aufhalten. Wenn von einem minderj\u00e4hrigen Kunden die Rede ist, sind die Personen, die f\u00fcr die Einhaltung und Erf\u00fcllung der sich aus den Bestimmungen ergebenden Verpflichtungen verantwortlich sind, die Eltern, der gesetzliche Vormund oder die Person, die das Sorgerecht f\u00fcr den Minderj\u00e4hrigen hat, der Milimali in \u00dcbereinstimmung mit der abgegebenen Erkl\u00e4rung nutzt.<br>2.2 Das Unternehmen erbringt f\u00fcr die Kunden Dienstleistungen, die die Bereitstellung des Milimali-Raums f\u00fcr die zweckentsprechende Nutzung umfassen, einschlie\u00dflich zus\u00e4tzlicher Dienstleistungen, wie z.B. die Organisation von Geburtstagsfeiern, Workshops oder besonderen Veranstaltungen. Die Regeln f\u00fcr die Erbringung zus\u00e4tzlicher Dienstleistungen k\u00f6nnen in zus\u00e4tzlichen Bestimmungen oder Anh\u00e4ngen zu den Bestimmungen festgelegt werden.<br>2.3 Aus Sicherheitsgr\u00fcnden und zum Komfort der Kunden ist die Anzahl der Personen, die Milimali gleichzeitig nutzen k\u00f6nnen, begrenzt. In Anbetracht des Vorstehenden beh\u00e4lt sich das Unternehmen das Recht vor, Personen die Nutzung von Milimala zu verweigern, wenn die festgelegten Grenzen erreicht sind.<br>2.4 Die Gesellschaft beh\u00e4lt sich das Recht vor, das gesamte Milimali-Gel\u00e4nde oder bestimmte Teile davon f\u00fcr besondere Veranstaltungen zu reservieren, was bedeutet, dass die Nutzung des Milimali in einem bestimmten Umfang nicht m\u00f6glich ist. Informationen \u00fcber solche Einschr\u00e4nkungen sind an der Rezeption des Milimali einsehbar. Wenn die Nutzung des Milimali trotz der Informationen \u00fcber Einschr\u00e4nkungen erfolgt, hat der Kunde keinen Anspruch auf R\u00fcckerstattung eines Teils oder des gesamten gezahlten Entgelts.<br>2.5 Das Unternehmen beh\u00e4lt sich das Recht vor, bestimmte Attraktionen vollst\u00e4ndig zu schlie\u00dfen, wenn dies erforderlich ist, insbesondere wenn sie ausfallen oder gewartet oder repariert werden m\u00fcssen.<br>2.6 Bei ungeplanter Schlie\u00dfung bestimmter Attraktionen aufgrund zuf\u00e4lliger Ereignisse (z.B. Pannen, Unf\u00e4lle) oder aus Sicherheitsgr\u00fcnden hat der Kunde keinen Anspruch auf R\u00fcckerstattung eines Teils oder des gesamten gezahlten Entgelts. Diesbez\u00fcgliche Einzelf\u00e4lle werden im Wege einer Beschwerde gem\u00e4\u00df den Bestimmungen der Allgemeinen Gesch\u00e4ftsbedingungen geregelt.<br>2.7 Es ist nicht gestattet, ohne vorherige Zustimmung der Mitarbeiter von Milimali (im Folgenden: \"Mitarbeiter\") oder des Unternehmens, Werbung, Aush\u00e4nge oder andere derartige Materialien in den R\u00e4umlichkeiten von Milimali anzubringen.<br>2.8 Der Kunde ist verpflichtet, sich unverz\u00fcglich beim Personal zu melden:<br>a. alle Unf\u00e4lle,<br>b. wahrgenommene Fehlfunktionen oder Probleme mit dem Funktionieren der Milimala-Ausr\u00fcstung,<br>c. jeden Versto\u00df gegen die Gesch\u00e4ftsordnung,<br>d. Gef\u00e4hrliches, unangemessenes oder unpassendes Verhalten anderer Kunden.<br><\/p>\n\n\n\n<p><strong>\u00a7 3 REGELN F\u00dcR DIE VERWENDUNG VON MILIMALS<\/strong><br>3.1 Die Person, die Milimali benutzt, ist verpflichtet, die Milimali-Ausr\u00fcstung korrekt zu benutzen, in \u00dcbereinstimmung mit dem Zweck der Ausr\u00fcstung und der Gebrauchsanweisung.<br>3.2 Die Person, die das Milimali benutzt, ist verpflichtet, den Anweisungen des Personals Folge zu leisten, die insbesondere in Bezug auf die Sicherheit und die Art und Weise der Benutzung des Milimali gegeben werden k\u00f6nnen. Die Anweisungen des Personals k\u00f6nnen insbesondere die \u00c4nderung der Art und Weise der Benutzung des Milimali, das Verlassen bestimmter Orte sowie die Unterlassung bestimmter T\u00e4tigkeiten betreffen.<br>3.3 Die Person, die den Milimala benutzt, sollte Kleidung tragen, die ein ungehindertes und sicheres Spiel erm\u00f6glicht, ohne lose Gegenst\u00e4nde oder Gegenst\u00e4nde, die w\u00e4hrend der Benutzung des Milimala stecken bleiben oder besch\u00e4digt werden k\u00f6nnten, und ohne Schmuck oder Uhren. Die Taschen der Kleidung sollten bei der Benutzung des Milimala geleert werden. Wenn es f\u00fcr ein sicheres Spiel nicht erforderlich ist, wird empfohlen, Milimala ohne Brille zu benutzen.<br>3.4 Die Person, die die Milimala benutzt, muss saubere Socken zum Wechseln mit sich f\u00fchren. Es ist verboten, die Milimala in Schuhen oder barfu\u00df zu benutzen. Dies gilt nicht f\u00fcr den Gastronomiebereich, wo das Tragen von Schuhen m\u00f6glich ist, sofern spezielle Schutzvorrichtungen getragen werden.<br>3.5 Im \u00f6ffentlichen Bereich stellt Milimali den Kunden kostenlos Schlie\u00dff\u00e4cher zur Verf\u00fcgung, in denen sie Oberbekleidung, Schuhe, Taschen und andere Gegenst\u00e4nde, die nicht auf das Gel\u00e4nde von Milimali mitgebracht werden d\u00fcrfen, aufbewahren k\u00f6nnen.<br>3.6 In Ausnahmesituationen, insbesondere bei Hinweisen oder Zweifeln an der Ordnungsm\u00e4\u00dfigkeit der Benutzung der Schlie\u00dff\u00e4cher, ist das Personal berechtigt, die Schlie\u00dff\u00e4cher zu \u00f6ffnen, um den Inhalt der Schlie\u00dff\u00e4cher zu \u00fcberpr\u00fcfen, wobei es, soweit m\u00f6glich, zuvor von der Person, die das Schlie\u00dffach benutzt, den Inhalt des Schlie\u00dffachs zu zeigen hat.<br>3.7 Aufgrund der Notwendigkeit, die Sicherheit aller Milimala-Besucher zu gew\u00e4hrleisten, hat das Personal das Recht, den Zutritt zu Milimala zu verweigern oder eine Person aufzufordern, Milimala zu verlassen:<br>a. der sichtbare Symptome von Gesundheitsproblemen hat (laufende Nase, Husten, Fieber, Ausschlag usw.) Aus Sorge um die Sicherheit aller Benutzer, die sich hier aufhalten,<br>b. eine Person, deren Zustand oder Verhalten eindeutig darauf hinweist, dass sie unter dem Einfluss von Alkohol, Rauschmitteln oder anderen \u00e4hnlichen Substanzen steht,<br>c. Minderj\u00e4hrige, die ein aggressives Verhalten an den Tag legen, die Ausr\u00fcstung von Milimala besch\u00e4digen, das Spiel der anderen Kunden nachhaltig st\u00f6ren, usw,<br>d. eine Person, die gegen die Bestimmungen der Gesch\u00e4ftsordnung verst\u00f6\u00dft.<\/p>\n\n\n\n<p>3.8 Der Kunde ist verpflichtet, sein pers\u00f6nliches Eigentum in angemessener Weise zu sch\u00fctzen.<br>3.9 Die Person, die Milimala benutzt, ist verpflichtet, alle pers\u00f6nlichen Gegenst\u00e4nde, die auf dem Milimala-Gel\u00e4nde gefunden werden, unverz\u00fcglich dem Personal zu \u00fcbergeben. Das Unternehmen gibt den gefundenen Gegenstand an seinen Besitzer frei, nachdem nachgewiesen wurde, dass er ihm geh\u00f6rt. Ein Gegenstand, der nach Ablauf von 30 Tagen ab dem Tag, an dem er gefunden wurde, zur\u00fcckgelassen wird, wird als ein Gegenstand behandelt, den der Eigent\u00fcmer in der Absicht aufgegeben hat, sich seines Eigentums zu entledigen. In einem solchen Fall ist das Unternehmen berechtigt, \u00fcber den Gegenstand frei zu verf\u00fcgen und ihn insbesondere einer karitativen Einrichtung oder einer bed\u00fcrftigen Person zu spenden.<br>3.10. Es ist verboten, gef\u00e4hrliche Gegenst\u00e4nde in den Schlie\u00dff\u00e4chern aufzubewahren (insbesondere solche, bei denen die Gefahr eines Brandes, einer Explosion, einer \u00dcberschwemmung oder einer Verunreinigung besteht). Wertgegenst\u00e4nde sollten vom Kunden zu Hause oder an einem anderen sicheren Ort deponiert werden.<br>3.11. Es besteht ein absolutes Verbot auf dem Gel\u00e4nde von Milimala:<br>a. das Mitbringen oder Besitzen von Waffen oder anderen gef\u00e4hrlichen Gegenst\u00e4nden,<br>b. das Mitbringen, den Besitz, den Konsum oder die Verwendung von Alkohol oder Drogen,<br>Narkotika und andere Drogen mit \u00e4hnlichen Wirkungen,<br>c. das Rauchen von Tabakerzeugnissen und die Verwendung von so genannten E-Zigaretten,<br>d. eigene Speisen und Getr\u00e4nke mitzubringen und zu verzehren, mit Ausnahme von Speisen und Getr\u00e4nken, die aufgrund des Alters oder des Gesundheitszustands des Kunden erforderlich sind, wobei der Kunde das Personal im Voraus \u00fcber die Nutzung von Milimala informieren muss,<br>e. Gegenst\u00e4nde mitzubringen oder zu besitzen, die eine Gefahr f\u00fcr das Leben oder die Gesundheit von Personen auf dem Milimala-Gel\u00e4nde sowie f\u00fcr das Eigentum auf dem Milimala-Gel\u00e4nde darstellen k\u00f6nnen, einschlie\u00dflich gef\u00e4hrlicher, gesundheitssch\u00e4dlicher, \u00fcbel riechender, brennbarer, explosiver und anderer gesetzlich verbotener Materialien,<br>f. Verwendung von im Gastronomiebereich erworbenen Speisen und Getr\u00e4nken au\u00dferhalb des Gastronomiebereichs,<br>g. Kaugummi;<br>h. unanst\u00e4ndiges Verhalten, Gebrauch von vulg\u00e4ren und beleidigenden Worten;<br>i. das Mitbringen von Tieren, mit Ausnahme von Begleittieren (z. B. Blindenhunden), wobei dies im Voraus mit dem Personal vereinbart werden muss, bevor Milimala genutzt wird.<br>3.12. Ein Elternteil, ein gesetzlicher Vormund oder eine Person, die das Sorgerecht f\u00fcr einen Minderj\u00e4hrigen hat, der Milimali in \u00dcbereinstimmung mit der abgegebenen Erkl\u00e4rung benutzt, ist verpflichtet, den Minderj\u00e4hrigen mit den in den Regeln und Vorschriften enthaltenen Informationen und mit den Regeln der Benutzung von Milimali vertraut zu machen, unter Ber\u00fccksichtigung seines Entwicklungsstandes und seiner k\u00f6rperlichen und geistigen F\u00e4higkeiten. Die oben genannte Person ist f\u00fcr die Beaufsichtigung des Minderj\u00e4hrigen, der Milimali benutzt, verantwortlich.<br>3.13. Die Nutzung von Milimali durch Kinder erfolgt mit Zustimmung und unter der alleinigen Verantwortung der Eltern oder des Vormunds oder der Person, die das Sorgerecht f\u00fcr den Minderj\u00e4hrigen hat, der Milimali in \u00dcbereinstimmung mit der abgegebenen Erkl\u00e4rung nutzt.<br>3.14. Die Kleinkinderzone ist f\u00fcr Kinder von 0 bis 3 Jahren gedacht.<br>3.15. Die Spielzone ist f\u00fcr Kinder im Alter von 0 bis 8 Jahren bestimmt (Kinder unter 8 Jahren<br>Leben).<\/p>\n\n\n\n<p>3.16. Kinder unter 3 Jahren d\u00fcrfen die Milimali-Attraktionen nur in Begleitung eines Elternteils, eines Erziehungsberechtigten oder einer Person, die das Sorgerecht f\u00fcr ein minderj\u00e4hriges Kind hat, das Milimali in \u00dcbereinstimmung mit der abgegebenen Erkl\u00e4rung nutzt, nutzen.<br>3.17. Kinder, die mindestens 3 Jahre alt sind, k\u00f6nnen die Milimali-Attraktionen auch alleine nutzen. Die Selbstnutzung der Milimali-Attraktionen bedarf der vorherigen schriftlichen Zustimmung der Eltern, des Erziehungsberechtigten oder der Person, die das Sorgerecht f\u00fcr den Minderj\u00e4hrigen hat, der das Milimali nutzt, gem\u00e4\u00df der eingereichten Erkl\u00e4rung, die auf dem vom Personal bereitgestellten Formular enthalten ist. Unter den oben genannten Bedingungen unterliegt die eigenst\u00e4ndige Nutzung der Milimali-Attraktionen der alleinigen Verantwortung der Eltern, des Erziehungsberechtigten oder der Person, die das Sorgerecht f\u00fcr den Minderj\u00e4hrigen hat, der das Milimali gem\u00e4\u00df der abgegebenen Erkl\u00e4rung nutzt.<br>3.18. Das Personal ist berechtigt, das Alter des Kindes zu \u00fcberpr\u00fcfen, insbesondere wenn Zweifel am Wahrheitsgehalt der diesbez\u00fcglichen Angaben des Kunden bestehen.<\/p>\n\n\n\n<p><strong><br>\u00a7 4 ZAHLUNGEN - FAHRKARTEN UND AUSWEISE<\/strong><br>4.1 Die Nutzung von Milimali ist geb\u00fchrenpflichtig. Die H\u00f6he der Geb\u00fchren f\u00fcr die Nutzung des Milimali ist in der Preisliste der im Milimali erbrachten Leistungen (im Folgenden: \"Preisliste\") angegeben, die an der Rezeption des Milimali und auf der Website www.milimaligdansk.pl erh\u00e4ltlich ist.<br>4.2 Der Verkauf von Eintrittskarten, die zur Benutzung der Milimala berechtigen, erfolgt station\u00e4r und online auf der Website www.milimaligdansk.pl.<br>4.3 Das Ticket wird auf einer elektronischen Karte (im Folgenden: \"Karte\") gespeichert. Die Karte ist eine Zugangskarte, die die Dauer des Aufenthalts in Milimala angibt.<br>4.4 Die Aufenthaltsdauer wird ab dem Zeitpunkt des Kaufs der Fahrkarte durch den Kunden bis zur R\u00fcckgabe der Karte an das Personal berechnet.<br>4.5 Im Falle des Kaufs einer Eintrittskarte f\u00fcr einen Minderj\u00e4hrigen wird das Recht auf freien Eintritt zum Milimala-Gel\u00e4nde von einem Erwachsenen erworben, der gem\u00e4\u00df der abgegebenen Erkl\u00e4rung der Elternteil, der Erziehungsberechtigte oder die Person ist, die das Sorgerecht f\u00fcr den Minderj\u00e4hrigen hat, der Milimala benutzt.<br>4.6 Bei Nichtbenutzung des Fahrscheins oder bei Nichtbenutzung der bezahlten Zeit hat der Kunde keinen Anspruch auf Erstattung des gesamten oder eines Teils des bezahlten Fahrpreises.<br>4.7 Es besteht die M\u00f6glichkeit, P\u00e4sse zu erwerben, die zum mehrfachen Betreten des Milimala-Gel\u00e4ndes berechtigen (im Folgenden: \"Pass\"). Die Geb\u00fchr f\u00fcr die Ausstellung der P\u00e4sse wird in \u00dcbereinstimmung mit der Preisliste festgelegt.<br>4.8 Die P\u00e4sse sind pers\u00f6nlich und gelten f\u00fcr die auf dem Pass angegebene Anzahl von Tagen ab dem Tag des Kaufs.<br>4.9 Wird ein Pass ganz oder teilweise nicht genutzt, so hat der Kunde keinen Anspruch auf R\u00fcckerstattung eines Teils oder der gesamten gezahlten Geb\u00fchr.<br>4.10. Bei \u00dcberschreitung der auf dem Ticket angegebenen Aufenthaltsdauer in Milimala wird f\u00fcr jede zus\u00e4tzliche Minute eine Geb\u00fchr in der in der Preisliste angegebenen H\u00f6he erhoben, die der Kunde zu zahlen hat.<br>4.11. Das Unternehmen bietet die M\u00f6glichkeit, eine Rechnung auszustellen. Wenn Sie eine Transaktion im Zusammenhang mit Ihrer unternehmerischen T\u00e4tigkeit durchf\u00fchren und eine Rechnung erhalten m\u00f6chten, m\u00fcssen Sie bei der Bestellung und Bezahlung Ihre Umsatzsteuer-Identifikationsnummer angeben. Andernfalls ist es nicht m\u00f6glich, nach Abschluss der Transaktion eine Rechnung mit der Umsatzsteuer-Identifikationsnummer des K\u00e4ufers zu erstellen. Eine Transaktion, die von einer nat\u00fcrlichen Person get\u00e4tigt wird, die nicht unternehmerisch t\u00e4tig ist oder die bei der Bestellung und Bezahlung keine Umsatzsteuer-Identifikationsnummer angibt, kann in folgenden F\u00e4llen abgerechnet werden<\/p>\n\n\n\n<p>auf Antrag des K\u00e4ufers innerhalb von drei Monaten, gerechnet ab dem Ende des Monats, in dem der Umsatz get\u00e4tigt wurde, durch eine Rechnung belegt werden, die nicht die Mehrwertsteuernummer des K\u00e4ufers enth\u00e4lt.<\/p>\n\n\n\n<p><br><strong>\u00a7 5 VERANTWORTUNG<\/strong><br>5.1 Die Nutzung von Milimala birgt ein Risiko von Verletzungen und Sachsch\u00e4den. Das Unternehmen haftet nicht f\u00fcr Verletzungen und Sachsch\u00e4den, die auf Umst\u00e4nde zur\u00fcckzuf\u00fchren sind, f\u00fcr die das Unternehmen nach den allgemeinen Regeln nicht haftet. Die Kunden nutzen die Milimali-Einrichtungen auf eigene Gefahr, einschlie\u00dflich der Verantwortung eines Erziehungsberechtigten im Falle von Minderj\u00e4hrigen.<br>5.2 F\u00fcr Besch\u00e4digungen und Zerst\u00f6rungen im Milimala, die insbesondere durch Nichteinhaltung der AGB entstehen, haftet jeder Kunde pers\u00f6nlich bis zur H\u00f6he der tats\u00e4chlichen Kosten f\u00fcr die Beseitigung des Schadens bzw. die Behebung des Schadens.<br>5.3 Das Unternehmen ist nicht f\u00fcr Gegenst\u00e4nde verantwortlich, die in den Schlie\u00dff\u00e4chern zur\u00fcckgelassen werden.<br>5.4 Die Firma ist nicht verantwortlich f\u00fcr pers\u00f6nliche Gegenst\u00e4nde des Kunden, die unbeaufsichtigt auf dem Gel\u00e4nde von Milimala zur\u00fcckgelassen werden, verloren gehen oder besch\u00e4digt werden.<br>5.5 F\u00fcr verlorene, besch\u00e4digte oder zerst\u00f6rte Karten wird eine zus\u00e4tzliche Geb\u00fchr von 60,00 PLN erhoben.<br>5.6 Bei Verlust des Ausweises ist es m\u00f6glich, gegen eine Geb\u00fchr von 20,00 PLN ein Duplikat auszustellen.<br>5.7 Falls auf dem Gel\u00e4nde von Milimala schwer zu entfernende Verschmutzungen verursacht werden, ist der Kunde, der f\u00fcr die Verschmutzung verantwortlich ist, verpflichtet, eine Geb\u00fchr von 50,00 PLN zu zahlen.<br>5.8 Das Unternehmen haftet nicht f\u00fcr Unterbrechungen des Betriebs von Milimala aufgrund h\u00f6herer Gewalt oder aufgrund von Umst\u00e4nden, die au\u00dferhalb der Kontrolle des Unternehmens liegen.<\/p>\n\n\n\n<p><br><strong>\u00a7 6 BESCHWERDEN<\/strong><br>6.1 Vorbehaltlich der Rechte des Kunden gem\u00e4\u00df der allgemein geltenden Gesetzgebung m\u00fcssen alle Reklamationen in Bezug auf die bei Milimali erbrachten Dienstleistungen von den Kunden so weit wie m\u00f6glich innerhalb von 14 Tagen nach Erbringung der Dienstleistung bei Milimali eingereicht werden, damit die f\u00fcr die Pr\u00fcfung der Reklamation erforderlichen Informationen gesammelt werden k\u00f6nnen.<br>6.2 Eine Beschwerde muss vom Kunden schriftlich an der Rezeption von Milimali oder elektronisch an die E-Mail-Adresse biuro@milimaligdansk.pl oder per Post an die eingetragene Adresse des Unternehmens eingereicht werden.<br>6.3 Die Beschwerde sollte Folgendes enthalten:<br>a. Name des Kunden,<br>b. Kontaktdaten des Kunden (E-Mail-Adresse des Kunden und\/oder Telefonnummer des Kunden und\/oder Postanschrift des Kunden),<br>c. das Datum und die Art der Dienstleistung,<br>d. eine Beschreibung der Situation, \u00fcber die sich der Kunde beschwert,<br>e. die Anfrage des Kunden.<br>6.4 Wenn die Reklamation nicht gen\u00fcgend Informationen enth\u00e4lt, um ber\u00fccksichtigt zu werden, hat das Unternehmen das Recht, den Kunden aufzufordern, sie zu erg\u00e4nzen, unter Androhung, die Reklamation unbearbeitet zu lassen.<\/p>\n\n\n\n<p>6.5 Das Unternehmen bearbeitet Beschwerden innerhalb von 14 Tagen nach Erhalt, indem es dem Kunden eine angemessene Antwort per Einschreiben oder E-Mail zukommen l\u00e4sst, je nach der Form der Einreichung der Beschwerde durch den Kunden und der vom Kunden angegebenen Methode der weiteren Kommunikation \u00fcber die Beschwerde.<br>6.6 Die im Milimali erbrachten Dienstleistungen haben einen bestimmten Tag der Erbringung und betreffen Dienstleistungen im Zusammenhang mit Freizeit-, Unterhaltungs-, Sport- oder Kulturveranstaltungen, so dass der Kunde gem\u00e4\u00df der Bestimmung von Artikel 38(1)(12) des Gesetzes vom 30. Mai 2014 \u00fcber die Rechte der Verbraucher (d.h. Gesetzblatt von 2023, Punkt 2759, in der ge\u00e4nderten Fassung) nicht das Recht hat, den Vertrag gem\u00e4\u00df der Bestimmung von Artikel 27(1) des genannten Gesetzes zu widerrufen.<\/p>\n\n\n\n<p><strong><br>\u00a7 7 SCHUTZ DER PERSONENBEZOGENEN DATEN<\/strong><br>7.1 Verwalter der personenbezogenen Daten, die im Zusammenhang mit der Erbringung von Dienstleistungen in Milimali zur Verf\u00fcgung gestellt und verarbeitet werden, ist die Firma Funlandia sp\u00f3\u0142ka z ograniczon\u0105 odpowiedzialno\u015bci\u0105 mit Sitz in Jarno\u0142t\u00f3wek 19A, 48-267 Jarno\u0142t\u00f3wek, eingetragen im Unternehmerregister des Landesgerichtsregisters, das vom Bezirksgericht in Opole, VIII. Wirtschaftsabteilung des Landesgerichtsregisters, gef\u00fchrt wird, unter der KRS-Nummer: 0001061045, REGON: 388949500, NIP: 7532460680.<br>7.2 In allen Angelegenheiten, die die Verarbeitung personenbezogener Daten betreffen, wenden Sie sich bitte elektronisch an das Unternehmen, indem Sie eine E-Mail an biuro@funlandia.pl senden, oder schriftlich an die Adresse Jarno\u0142t\u00f3wek 19A, 48-267 Jarno\u0142t\u00f3wek.<br>7.3 Die Regeln f\u00fcr die Verarbeitung personenbezogener Daten (Informationsklausel) sind in Anhang 2 der Verordnungen festgelegt.<\/p>\n\n\n\n<p><br><strong>\u00a7 8 SCHLUSSBESTIMMUNGEN<\/strong><br>8.1 Das Reglement gilt ab dem 30. Mai 2024.<br>8.2 Der Inhalt der Allgemeinen Gesch\u00e4ftsbedingungen ist auf der Website www.milimaligdansk.pl, an der Rezeption von Milimali und durch Aushang in Milimali verf\u00fcgbar.<br>8.3 Das Betreten der R\u00e4umlichkeiten von Milimala ist gleichbedeutend mit der Erkl\u00e4rung, dass Sie sich mit den<br>mit den Allgemeinen Gesch\u00e4ftsbedingungen, den Regelungen zu den Zusatzleistungen und der Preisliste sowie der vollst\u00e4ndigen Akzeptanz aller darin enthaltenen Bestimmungen. Jede Person, die die Regeln von Milimali nicht akzeptiert, sollte Milimali sofort verlassen.<br>8.4 Die Bestimmungen der Allgemeinen Gesch\u00e4ftsbedingungen k\u00f6nnen durch den Inhalt anderer Vorschriften \u00fcber zus\u00e4tzliche Dienstleistungen erg\u00e4nzt werden, insbesondere in Bezug auf spezifische Dienstleistungen und Attraktionen, die in Milimala angeboten werden. Im Falle der Einf\u00fchrung von Sonderregelungen bleiben die Bestimmungen der Allgemeinen Gesch\u00e4ftsbedingungen in Kraft und sind weiterhin verbindlich, es sei denn, die Sonderregelungen sehen etwas anderes vor.<br>8.5 Das Unternehmen beh\u00e4lt sich das Recht vor, die Allgemeinen Gesch\u00e4ftsbedingungen und spezifische Regelungen aus wichtigen Gr\u00fcnden zu \u00e4ndern, insbesondere bei Gesetzes\u00e4nderungen, Erf\u00fcllung von Verpflichtungen aus Gerichtsurteilen oder Verwaltungsentscheidungen, organisatorischen \u00c4nderungen, Einf\u00fchrung neuer Dienstleistungen oder Einstellung von Dienstleistungen.<br>8.6 Das Unternehmen wird die geplante \u00c4nderung der Regeln durch Aushang der neuen Regeln oder spezifischer Regeln im Milimali sowie durch Bereitstellung auf der Website www.milimaligdansk.pl bekannt geben. Dies wird sp\u00e4testens 7 Tage vor der geplanten \u00c4nderung geschehen.<br>8.7 Die Gesellschaft beh\u00e4lt sich das Recht vor, die Preisliste zu \u00e4ndern. \u00c4nderungen der Preisliste haben keine Auswirkungen auf bereits gekaufte Dienstleistungen und abgeschlossene Vertr\u00e4ge. Das Unternehmen wird die \u00c4nderung der Preisliste durch Aushang in Milimali und durch Bereitstellung auf der Website www.milimaligdansk.pl bekannt geben.<\/p>","protected":false},"excerpt":{"rendered":"<p>\u00a7 1 WPROWADZENIE1.1. Bawialnia Milimali po\u0142o\u017cona przy ul. Letnickiej 2, lok. 6, 80-536 Gda\u0144sk (dalej jako: \u201cMilimali\u201d) to przestrze\u0144 zabawowa, [&hellip;]<\/p>","protected":false},"author":1,"featured_media":0,"parent":0,"menu_order":0,"comment_status":"closed","ping_status":"closed","template":"","meta":{"_acf_changed":false,"inline_featured_image":false,"footnotes":""},"class_list":["post-2097","page","type-page","status-publish","hentry"],"acf":[],"_links":{"self":[{"href":"https:\/\/milimaligdansk.pl\/de\/wp-json\/wp\/v2\/pages\/2097","targetHints":{"allow":["GET"]}}],"collection":[{"href":"https:\/\/milimaligdansk.pl\/de\/wp-json\/wp\/v2\/pages"}],"about":[{"href":"https:\/\/milimaligdansk.pl\/de\/wp-json\/wp\/v2\/types\/page"}],"author":[{"embeddable":true,"href":"https:\/\/milimaligdansk.pl\/de\/wp-json\/wp\/v2\/users\/1"}],"replies":[{"embeddable":true,"href":"https:\/\/milimaligdansk.pl\/de\/wp-json\/wp\/v2\/comments?post=2097"}],"version-history":[{"count":2,"href":"https:\/\/milimaligdansk.pl\/de\/wp-json\/wp\/v2\/pages\/2097\/revisions"}],"predecessor-version":[{"id":2100,"href":"https:\/\/milimaligdansk.pl\/de\/wp-json\/wp\/v2\/pages\/2097\/revisions\/2100"}],"wp:attachment":[{"href":"https:\/\/milimaligdansk.pl\/de\/wp-json\/wp\/v2\/media?parent=2097"}],"curies":[{"name":"wp","href":"https:\/\/api.w.org\/{rel}","templated":true}]}}