{"id":1448,"date":"2024-05-09T05:48:20","date_gmt":"2024-05-09T05:48:20","guid":{"rendered":"https:\/\/milimali-gdansk.pl\/?page_id=1448"},"modified":"2025-10-20T13:33:11","modified_gmt":"2025-10-20T13:33:11","slug":"kup-wydarzenie","status":"publish","type":"page","link":"https:\/\/milimaligdansk.pl\/en\/kup-wydarzenie\/","title":{"rendered":"Buy the event"},"content":{"rendered":"<div data-elementor-type=\"wp-page\" data-elementor-id=\"1448\" class=\"elementor elementor-1448\" data-elementor-post-type=\"page\">\n\t\t\t\t\t\t<section class=\"elementor-section elementor-top-section elementor-element elementor-element-c63cffd elementor-section-full_width elementor-section-stretched pbmit-col-stretched-none pbmit-cursor-color-blackish-color pbmit-bg-color-over-image elementor-section-height-default elementor-section-height-default\" data-id=\"c63cffd\" data-element_type=\"section\" data-settings=\"{&quot;stretch_section&quot;:&quot;section-stretched&quot;}\">\n\t\t\t\t\t\t<div class=\"elementor-container elementor-column-gap-default\">\n\t\t\t\t\t<div class=\"elementor-column elementor-col-100 elementor-top-column elementor-element elementor-element-c67bbdb pbmit-bg-color-over-image\" data-id=\"c67bbdb\" data-element_type=\"column\">\n\t\t\t<div class=\"elementor-widget-wrap elementor-element-populated\">\n\t\t\t\t\t\t<section class=\"elementor-section elementor-inner-section elementor-element elementor-element-6dd8d59 elementor-section-full_width elementor-reverse-mobile pbmit-col-stretched-none pbmit-cursor-color-blackish-color pbmit-bg-color-over-image elementor-section-height-default elementor-section-height-default\" data-id=\"6dd8d59\" data-element_type=\"section\">\n\t\t\t\t\t\t<div class=\"elementor-container elementor-column-gap-default\">\n\t\t\t\t\t<div class=\"elementor-column elementor-col-50 elementor-inner-column elementor-element elementor-element-2f97024 ap-col-left pbmit-bg-color-over-image\" data-id=\"2f97024\" data-element_type=\"column\" data-settings=\"{&quot;background_background&quot;:&quot;classic&quot;}\">\n\t\t\t<div class=\"elementor-widget-wrap elementor-element-populated\">\n\t\t\t\t\t\t<div class=\"elementor-element elementor-element-eaffc46 elementor-widget elementor-widget-heading\" data-id=\"eaffc46\" data-element_type=\"widget\" data-widget_type=\"heading.default\">\n\t\t\t\t<div class=\"elementor-widget-container\">\n\t\t\t<h2 class=\"elementor-heading-title elementor-size-default\">Want to buy online?<\/h2>\t\t<\/div>\n\t\t\t\t<\/div>\n\t\t\t\t<div class=\"elementor-element elementor-element-1e9da20 elementor-widget elementor-widget-heading\" data-id=\"1e9da20\" data-element_type=\"widget\" data-widget_type=\"heading.default\">\n\t\t\t\t<div class=\"elementor-widget-container\">\n\t\t\t<h2 class=\"elementor-heading-title elementor-size-default\">Go to our shopping platform<br>or use the form below.<\/h2>\t\t<\/div>\n\t\t\t\t<\/div>\n\t\t\t\t<div class=\"elementor-element elementor-element-167a7fc pbmit-btn-color-white pbmit-btn-hover-color-secondary pbmit-btn-shape-rounded elementor-align-left pbmit-btn-style-flat pbmit-btn-magnatic-No elementor-widget elementor-widget-button\" data-id=\"167a7fc\" data-element_type=\"widget\" data-widget_type=\"button.default\">\n\t\t\t\t<div class=\"elementor-widget-container\">\n\t\t\t\t\t<div class=\"elementor-button-wrapper\">\n\t\t\t<a class=\"elementor-button elementor-button-link elementor-size-sm\" href=\"https:\/\/milimaligdansk.oos.pl\/buyEvent\">\n\t\t\t\t\t\t<span class=\"elementor-button-content-wrapper\">\n\t\t\t\t\t\t\t\t\t<span class=\"elementor-button-text\">Buy the event<\/span>\n\t\t\t\t\t<\/span>\n\t\t\t\t\t<\/a>\n\t\t<\/div>\n\t\t\t\t<\/div>\n\t\t\t\t<\/div>\n\t\t\t\t<div class=\"elementor-element elementor-element-9083f33 pbmit-animation-none elementor-widget elementor-widget-image\" data-id=\"9083f33\" data-element_type=\"widget\" data-widget_type=\"image.default\">\n\t\t\t\t<div class=\"elementor-widget-container\">\n\t\t\t\t\t\t\t\t\t\t\t\t\t<img decoding=\"async\" width=\"52\" height=\"86\" src=\"https:\/\/milimaligdansk.pl\/wp-content\/uploads\/2024\/05\/Shape-copy-2.png\" class=\"attachment-large size-large wp-image-572\" alt=\"\" \/>\t\t\t\t\t\t\t\t\t\t\t\t\t<\/div>\n\t\t\t\t<\/div>\n\t\t\t\t\t<\/div>\n\t\t<\/div>\n\t\t\t\t<div class=\"elementor-column elementor-col-50 elementor-inner-column elementor-element elementor-element-6f9593d pbmit-bg-color-over-image\" data-id=\"6f9593d\" data-element_type=\"column\" data-settings=\"{&quot;background_background&quot;:&quot;classic&quot;}\">\n\t\t\t<div class=\"elementor-widget-wrap elementor-element-populated\">\n\t\t\t\t\t\t<div class=\"elementor-element elementor-element-58bd074 pbmit-animation-none elementor-widget elementor-widget-image\" data-id=\"58bd074\" data-element_type=\"widget\" data-widget_type=\"image.default\">\n\t\t\t\t<div class=\"elementor-widget-container\">\n\t\t\t\t\t\t\t\t\t\t\t\t\t<img fetchpriority=\"high\" decoding=\"async\" width=\"564\" height=\"563\" src=\"https:\/\/milimaligdansk.pl\/wp-content\/uploads\/2024\/06\/bilet.png\" class=\"attachment-large size-large wp-image-1944\" alt=\"\" srcset=\"https:\/\/milimaligdansk.pl\/wp-content\/uploads\/2024\/06\/bilet.png 564w, https:\/\/milimaligdansk.pl\/wp-content\/uploads\/2024\/06\/bilet-300x300.png 300w, https:\/\/milimaligdansk.pl\/wp-content\/uploads\/2024\/06\/bilet-150x150.png 150w, https:\/\/milimaligdansk.pl\/wp-content\/uploads\/2024\/06\/bilet-12x12.png 12w, https:\/\/milimaligdansk.pl\/wp-content\/uploads\/2024\/06\/bilet-400x400.png 400w\" sizes=\"(max-width: 564px) 100vw, 564px\" \/>\t\t\t\t\t\t\t\t\t\t\t\t\t<\/div>\n\t\t\t\t<\/div>\n\t\t\t\t<div class=\"elementor-element elementor-element-1143ac4 pbmit-img-animation-04 elementor-hidden-tablet elementor-absolute pbmit-animation-none elementor-widget elementor-widget-image\" data-id=\"1143ac4\" data-element_type=\"widget\" data-settings=\"{&quot;_position&quot;:&quot;absolute&quot;}\" data-widget_type=\"image.default\">\n\t\t\t\t<div class=\"elementor-widget-container\">\n\t\t\t\t\t\t\t\t\t\t\t\t\t<img decoding=\"async\" width=\"227\" height=\"162\" src=\"https:\/\/milimaligdansk.pl\/wp-content\/uploads\/2024\/05\/Vector-Smart-Object-2.png\" class=\"attachment-full size-full wp-image-770\" alt=\"\" \/>\t\t\t\t\t\t\t\t\t\t\t\t\t<\/div>\n\t\t\t\t<\/div>\n\t\t\t\t\t<\/div>\n\t\t<\/div>\n\t\t\t\t\t<\/div>\n\t\t<\/section>\n\t\t\t\t\t<\/div>\n\t\t<\/div>\n\t\t\t\t\t<\/div>\n\t\t<\/section>\n\t\t\t\t<section class=\"elementor-section elementor-top-section elementor-element elementor-element-b86fe31 pbmit-col-stretched-none pbmit-cursor-color-blackish-color pbmit-bg-color-over-image elementor-section-boxed elementor-section-height-default elementor-section-height-default\" data-id=\"b86fe31\" data-element_type=\"section\">\n\t\t\t\t\t\t<div class=\"elementor-container elementor-column-gap-default\">\n\t\t\t\t\t<div class=\"elementor-column elementor-col-100 elementor-top-column elementor-element elementor-element-ee998c3 pbmit-bg-color-over-image\" data-id=\"ee998c3\" data-element_type=\"column\">\n\t\t\t<div class=\"elementor-widget-wrap elementor-element-populated\">\n\t\t\t\t\t\t<div class=\"elementor-element elementor-element-f7472d4 elementor-widget elementor-widget-html\" data-id=\"f7472d4\" data-element_type=\"widget\" data-widget_type=\"html.default\">\n\t\t\t\t<div class=\"elementor-widget-container\">\n\t\t\t<iframe src=\"https:\/\/milimaligdansk.oos.pl\" style=\"border:0px #ffffff none;\" name=\"myiFrame\" scrolling=\"yes\" frameborder=\"1\" marginheight=\"0px\" marginwidth=\"0px\" height=\"800px\" width=\"1100px\" allowfullscreen><\/iframe>\t\t<\/div>\n\t\t\t\t<\/div>\n\t\t\t\t\t<\/div>\n\t\t<\/div>\n\t\t\t\t\t<\/div>\n\t\t<\/section>\n\t\t\t\t<\/div>","protected":false},"excerpt":{"rendered":"<p>Chcesz kupi\u0107 on-line? Przejd\u017a do naszej platformy zakupowejlub skorzystaj z poni\u017cszego formularza. Kup wydarzenie<\/p>","protected":false},"author":1,"featured_media":0,"parent":0,"menu_order":22,"comment_status":"closed","ping_status":"closed","template":"","meta":{"_acf_changed":false,"inline_featured_image":false,"footnotes":""},"class_list":["post-1448","page","type-page","status-publish","hentry"],"acf":[],"_links":{"self":[{"href":"https:\/\/milimaligdansk.pl\/en\/wp-json\/wp\/v2\/pages\/1448","targetHints":{"allow":["GET"]}}],"collection":[{"href":"https:\/\/milimaligdansk.pl\/en\/wp-json\/wp\/v2\/pages"}],"about":[{"href":"https:\/\/milimaligdansk.pl\/en\/wp-json\/wp\/v2\/types\/page"}],"author":[{"embeddable":true,"href":"https:\/\/milimaligdansk.pl\/en\/wp-json\/wp\/v2\/users\/1"}],"replies":[{"embeddable":true,"href":"https:\/\/milimaligdansk.pl\/en\/wp-json\/wp\/v2\/comments?post=1448"}],"version-history":[{"count":11,"href":"https:\/\/milimaligdansk.pl\/en\/wp-json\/wp\/v2\/pages\/1448\/revisions"}],"predecessor-version":[{"id":2243,"href":"https:\/\/milimaligdansk.pl\/en\/wp-json\/wp\/v2\/pages\/1448\/revisions\/2243"}],"wp:attachment":[{"href":"https:\/\/milimaligdansk.pl\/en\/wp-json\/wp\/v2\/media?parent=1448"}],"curies":[{"name":"wp","href":"https:\/\/api.w.org\/{rel}","templated":true}]}}